{"id":381,"date":"2026-03-11T11:59:03","date_gmt":"2026-03-11T11:59:03","guid":{"rendered":"https:\/\/investimentiperte.com\/?page_id=381"},"modified":"2026-03-11T12:08:08","modified_gmt":"2026-03-11T12:08:08","slug":"ty-page-geopolitica-it","status":"publish","type":"page","link":"https:\/\/investimentiperte.com\/?page_id=381","title":{"rendered":"Ty page geopolitica IT"},"content":{"rendered":"\t\t<div data-elementor-type=\"wp-page\" data-elementor-id=\"381\" class=\"elementor elementor-381\" data-elementor-post-type=\"page\">\n\t\t\t\t<div class=\"elementor-element elementor-element-cdd37c8 e-flex e-con-boxed e-con e-parent\" data-id=\"cdd37c8\" data-element_type=\"container\">\n\t\t\t\t\t<div class=\"e-con-inner\">\n\t\t\t\t<div class=\"elementor-element elementor-element-0b8369e elementor-widget elementor-widget-html\" data-id=\"0b8369e\" data-element_type=\"widget\" data-widget_type=\"html.default\">\n\t\t\t\t\t<!DOCTYPE html>\n<html lang=\"it\">\n<head>\n    <meta charset=\"UTF-8\">\n    <meta name=\"viewport\" content=\"width=device-width, initial-scale=1.0\">\n    <title>Consulenza Confermata \u2014 Il Quotidiano Finanziario<\/title>\n    <link rel=\"preconnect\" href=\"https:\/\/fonts.googleapis.com\">\n    <link href=\"https:\/\/fonts.googleapis.com\/css2?family=Playfair+Display:ital,wght@0,400;0,700;0,900;1,400&family=Source+Serif+4:ital,wght@0,400;0,600;1,400&family=Source+Sans+3:wght@400;600;700&display=swap\" rel=\"stylesheet\">\n    <!-- Meta Pixel Code -->\n    <!-- fbq('track', 'Lead'); -->\n    <!-- End Meta Pixel Code -->\n    <style>\n        *, *::before, *::after { margin: 0; padding: 0; box-sizing: border-box; }\n\n        :root {\n            --ink: #1a1a1a;\n            --ink-light: #3d3d3d;\n            --paper: #faf8f4;\n            --paper-dark: #f0ece4;\n            --accent: #8b0000;\n            --accent-light: #a52a2a;\n            --rule: #c8c0b4;\n            --rule-dark: #1a1a1a;\n            --green: #1a6b3c;\n            --green-light: #e8f5e9;\n            --green-border: #2e8b57;\n            --font-display: 'Playfair Display', 'Georgia', serif;\n            --font-body: 'Source Serif 4', 'Georgia', serif;\n            --font-ui: 'Source Sans 3', 'Helvetica Neue', sans-serif;\n        }\n\n        body {\n            background-color: var(--paper);\n            color: var(--ink);\n            font-family: var(--font-body);\n            font-size: 18px;\n            line-height: 1.75;\n            -webkit-font-smoothing: antialiased;\n            min-height: 100vh;\n            display: flex;\n            flex-direction: column;\n        }\n\n        \/* \u2500\u2500 MASTHEAD \u2500\u2500 *\/\n        .masthead {\n            text-align: center;\n            padding: 20px 20px 16px;\n            border-bottom: 3px double var(--rule-dark);\n        }\n\n        .masthead-name {\n            font-family: var(--font-display);\n            font-size: clamp(22px, 5vw, 34px);\n            font-weight: 900;\n            letter-spacing: 3px;\n            text-transform: uppercase;\n            color: var(--ink);\n        }\n\n        .masthead-tagline {\n            font-family: var(--font-ui);\n            font-size: 11px;\n            letter-spacing: 2px;\n            text-transform: uppercase;\n            color: var(--ink-light);\n            margin-top: 4px;\n        }\n\n        \/* \u2500\u2500 MAIN CONTAINER \u2500\u2500 *\/\n        .container {\n            max-width: 640px;\n            margin: 0 auto;\n            padding: 0 24px;\n            flex: 1;\n            display: flex;\n            flex-direction: column;\n            justify-content: center;\n        }\n\n        \/* \u2500\u2500 CONFIRMATION BOX \u2500\u2500 *\/\n        .confirmation {\n            margin: 60px 0;\n            text-align: center;\n        }\n\n        .checkmark {\n            width: 80px;\n            height: 80px;\n            margin: 0 auto 28px;\n            background: var(--green-light);\n            border: 2px solid var(--green-border);\n            border-radius: 50%;\n            display: flex;\n            align-items: center;\n            justify-content: center;\n            animation: scaleIn 0.4s ease-out;\n        }\n\n        .checkmark svg {\n            width: 36px;\n            height: 36px;\n            color: var(--green);\n            animation: drawCheck 0.4s ease-out 0.3s both;\n        }\n\n        @keyframes scaleIn {\n            0% { transform: scale(0); opacity: 0; }\n            100% { transform: scale(1); opacity: 1; }\n        }\n\n        @keyframes drawCheck {\n            0% { opacity: 0; transform: scale(0.5); }\n            100% { opacity: 1; transform: scale(1); }\n        }\n\n        .confirmation-title {\n            font-family: var(--font-display);\n            font-size: clamp(26px, 5vw, 36px);\n            font-weight: 900;\n            line-height: 1.2;\n            color: var(--ink);\n            margin-bottom: 16px;\n        }\n\n        .confirmation-subtitle {\n            font-family: var(--font-body);\n            font-size: 19px;\n            color: var(--ink-light);\n            line-height: 1.6;\n            margin-bottom: 40px;\n        }\n\n        \/* \u2500\u2500 STEPS \u2500\u2500 *\/\n        .steps {\n            text-align: left;\n            background: var(--paper-dark);\n            padding: 32px 36px;\n            border-left: 4px solid var(--accent);\n            margin-bottom: 40px;\n        }\n\n        .steps-title {\n            font-family: var(--font-ui);\n            font-size: 12px;\n            font-weight: 700;\n            letter-spacing: 2px;\n            text-transform: uppercase;\n            color: var(--accent);\n            margin-bottom: 20px;\n        }\n\n        .step {\n            display: flex;\n            gap: 16px;\n            margin-bottom: 20px;\n        }\n\n        .step:last-child {\n            margin-bottom: 0;\n        }\n\n        .step-number {\n            flex-shrink: 0;\n            width: 32px;\n            height: 32px;\n            background: var(--accent);\n            color: #fff;\n            font-family: var(--font-display);\n            font-size: 16px;\n            font-weight: 700;\n            border-radius: 50%;\n            display: flex;\n            align-items: center;\n            justify-content: center;\n            margin-top: 2px;\n        }\n\n        .step-text {\n            font-family: var(--font-body);\n            font-size: 17px;\n            line-height: 1.55;\n            color: var(--ink);\n        }\n\n        .step-text strong {\n            font-weight: 600;\n        }\n\n        \/* \u2500\u2500 REMINDER BOX \u2500\u2500 *\/\n        .reminder {\n            background: var(--ink);\n            color: var(--paper);\n            padding: 28px 32px;\n            text-align: center;\n            margin-bottom: 40px;\n            position: relative;\n        }\n\n        .reminder::before {\n            content: '';\n            position: absolute;\n            top: -8px;\n            left: 0;\n            right: 0;\n            height: 8px;\n            background: repeating-linear-gradient(\n                90deg,\n                var(--accent) 0px,\n                var(--accent) 4px,\n                transparent 4px,\n                transparent 8px\n            );\n        }\n\n        .reminder p {\n            font-family: var(--font-body);\n            font-size: 18px;\n            line-height: 1.6;\n        }\n\n        .reminder strong {\n            color: #fff;\n        }\n\n        \/* \u2500\u2500 FOOTER \u2500\u2500 *\/\n        .site-footer {\n            text-align: center;\n            padding: 24px 20px;\n            border-top: 3px double var(--rule-dark);\n            font-family: var(--font-ui);\n            font-size: 11px;\n            color: var(--ink-light);\n            letter-spacing: 1px;\n        }\n\n        @media (max-width: 600px) {\n            .container { padding: 0 18px; }\n            .steps { padding: 24px 20px; }\n            .reminder { padding: 24px 20px; }\n            .confirmation { margin: 40px 0; }\n        }\n    <\/style>\n<\/head>\n<body>\n\n    <header class=\"masthead\">\n        <div class=\"masthead-name\">Il Quotidiano Finanziario<\/div>\n        <div class=\"masthead-tagline\">Economia \u00b7 Mercati \u00b7 Investimenti<\/div>\n    <\/header>\n\n    <main class=\"container\">\n        <div class=\"confirmation\">\n\n            <div class=\"checkmark\">\n                <svg viewBox=\"0 0 24 24\" fill=\"none\" stroke=\"currentColor\" stroke-width=\"2.5\" stroke-linecap=\"round\" stroke-linejoin=\"round\"><polyline points=\"20 6 9 17 4 12\"\/><\/svg>\n            <\/div>\n\n            <h1 class=\"confirmation-title\">La tua consulenza gratuita \u00e8 stata richiesta con successo<\/h1>\n\n            <p class=\"confirmation-subtitle\">Un nostro esperto ti contatter\u00e0 entro 24 ore per fissare la sessione strategica personalizzata. Nel frattempo, ecco cosa aspettarti.<\/p>\n\n            <div class=\"steps\">\n                <div class=\"steps-title\">I prossimi passi<\/div>\n                <div class=\"step\">\n                    <div class=\"step-number\">1<\/div>\n                    <div class=\"step-text\"><strong>Riceverai una chiamata<\/strong> da un analista finanziario esperto entro le prossime 24 ore. Tieni il telefono a portata di mano.<\/div>\n                <\/div>\n                <div class=\"step\">\n                    <div class=\"step-number\">2<\/div>\n                    <div class=\"step-text\"><strong>Sessione di 30 minuti<\/strong> in cui l'esperto analizzer\u00e0 la tua situazione specifica e ti mostrer\u00e0 le opportunit\u00e0 concrete che la crisi attuale sta generando.<\/div>\n                <\/div>\n                <div class=\"step\">\n                    <div class=\"step-number\">3<\/div>\n                    <div class=\"step-text\"><strong>Riceverai un piano personalizzato<\/strong> con le strategie pi\u00f9 adatte al tuo profilo per sfruttare questa finestra di mercato \u2014 senza impegno.<\/div>\n                <\/div>\n            <\/div>\n\n            <div class=\"reminder\">\n                <p><strong>Ricorda:<\/strong> le finestre di opportunit\u00e0 durante le crisi non durano per sempre. Chi ha agito per primo nel 2008 e nel 2020 ha ottenuto i rendimenti pi\u00f9 alti. Hai fatto la scelta giusta.<\/p>\n            <\/div>\n\n        <\/div>\n    <\/main>\n\n    <footer class=\"site-footer\">\n        \u00a9 2026 Il Quotidiano Finanziario \u2014 Tutti i diritti riservati\n    <\/footer>\n\n<\/body>\n<\/html>\t\t\t\t<\/div>\n\t\t\t\t\t<\/div>\n\t\t\t\t<\/div>\n\t\t<div class=\"elementor-element elementor-element-3621321 e-flex e-con-boxed e-con e-parent\" data-id=\"3621321\" data-element_type=\"container\">\n\t\t\t\t\t<div class=\"e-con-inner\">\n\t\t\t\t\t<\/div>\n\t\t\t\t<\/div>\n\t\t<div class=\"elementor-element elementor-element-045c139 e-flex e-con-boxed e-con e-parent\" data-id=\"045c139\" data-element_type=\"container\">\n\t\t\t\t\t<div class=\"e-con-inner\">\n\t\t\t\t<div class=\"elementor-element elementor-element-9661058 elementor-widget elementor-widget-image\" data-id=\"9661058\" data-element_type=\"widget\" data-widget_type=\"image.default\">\n\t\t\t\t\t\t\t\t\t\t\t\t\t\t\t<img decoding=\"async\" src=\"https:\/\/investimentiperte.com\/wp-content\/plugins\/elementor\/assets\/images\/placeholder.png\" title=\"\" alt=\"\" loading=\"lazy\" \/>\t\t\t\t\t\t\t\t\t\t\t\t\t\t\t<\/div>\n\t\t\t\t\t<\/div>\n\t\t\t\t<\/div>\n\t\t\t\t<\/div>\n\t\t","protected":false},"excerpt":{"rendered":"<p>Consulenza Confermata \u2014 Il Quotidiano Finanziario Il Quotidiano Finanziario Economia \u00b7 Mercati \u00b7 Investimenti La tua consulenza gratuita \u00e8 stata richiesta con successo Un nostro esperto ti contatter\u00e0 entro 24 ore per fissare la sessione strategica personalizzata. Nel frattempo, ecco cosa aspettarti. I prossimi passi 1 Riceverai una chiamata da un analista finanziario esperto entro [&hellip;]<\/p>\n","protected":false},"author":1,"featured_media":0,"parent":0,"menu_order":0,"comment_status":"closed","ping_status":"closed","template":"elementor_canvas","meta":{"footnotes":""},"class_list":["post-381","page","type-page","status-publish","hentry"],"brizy_media":[],"_links":{"self":[{"href":"https:\/\/investimentiperte.com\/index.php?rest_route=\/wp\/v2\/pages\/381","targetHints":{"allow":["GET"]}}],"collection":[{"href":"https:\/\/investimentiperte.com\/index.php?rest_route=\/wp\/v2\/pages"}],"about":[{"href":"https:\/\/investimentiperte.com\/index.php?rest_route=\/wp\/v2\/types\/page"}],"author":[{"embeddable":true,"href":"https:\/\/investimentiperte.com\/index.php?rest_route=\/wp\/v2\/users\/1"}],"replies":[{"embeddable":true,"href":"https:\/\/investimentiperte.com\/index.php?rest_route=%2Fwp%2Fv2%2Fcomments&post=381"}],"version-history":[{"count":5,"href":"https:\/\/investimentiperte.com\/index.php?rest_route=\/wp\/v2\/pages\/381\/revisions"}],"predecessor-version":[{"id":391,"href":"https:\/\/investimentiperte.com\/index.php?rest_route=\/wp\/v2\/pages\/381\/revisions\/391"}],"wp:attachment":[{"href":"https:\/\/investimentiperte.com\/index.php?rest_route=%2Fwp%2Fv2%2Fmedia&parent=381"}],"curies":[{"name":"wp","href":"https:\/\/api.w.org\/{rel}","templated":true}]}}